{"id":9850,"date":"2025-10-29T22:30:08","date_gmt":"2025-10-29T22:30:08","guid":{"rendered":"https:\/\/intelligence.inhedge.mx\/?page_id=9850"},"modified":"2025-11-11T15:17:41","modified_gmt":"2025-11-11T15:17:41","slug":"mas-formulario","status":"publish","type":"page","link":"https:\/\/intelligence.inhedge.mx\/es\/mas-formulario\/","title":{"rendered":"Plus-Form"},"content":{"rendered":"<div data-elementor-type=\"wp-page\" data-elementor-id=\"9850\" class=\"elementor elementor-9850\" data-elementor-post-type=\"page\">\n\t\t\t\t<div class=\"elementor-element elementor-element-a68a004 e-flex e-con-boxed e-con e-parent\" data-id=\"a68a004\" data-element_type=\"container\" data-e-type=\"container\">\n\t\t\t\t\t<div class=\"e-con-inner\">\n\t\t<div class=\"elementor-element elementor-element-89e2fc5 e-con-full e-flex e-con e-child\" data-id=\"89e2fc5\" data-element_type=\"container\" data-e-type=\"container\">\n\t\t<div class=\"elementor-element elementor-element-162790f e-con-full e-flex e-con e-child\" data-id=\"162790f\" data-element_type=\"container\" data-e-type=\"container\">\n\t\t\t\t<div class=\"elementor-element elementor-element-162a4b7 elementor-widget elementor-widget-image\" data-id=\"162a4b7\" data-element_type=\"widget\" data-e-type=\"widget\" data-widget_type=\"image.default\">\n\t\t\t\t\t\t\t\t\t\t\t\t\t\t\t<img decoding=\"async\" width=\"178\" height=\"42\" src=\"https:\/\/intelligence.inhedge.mx\/wp-content\/uploads\/2025\/10\/inhedge-logo-color.svg\" class=\"attachment-large size-large wp-image-9856\" alt=\"\" \/>\t\t\t\t\t\t\t\t\t\t\t\t\t\t\t<\/div>\n\t\t\t\t<\/div>\n\t\t<div class=\"elementor-element elementor-element-5ab8ddf e-con-full e-flex e-con e-child\" data-id=\"5ab8ddf\" data-element_type=\"container\" data-e-type=\"container\">\n\t\t\t\t<div class=\"elementor-element elementor-element-cc6f4c1 elementor-widget elementor-widget-button\" data-id=\"cc6f4c1\" data-element_type=\"widget\" data-e-type=\"widget\" id=\"go-back\" data-widget_type=\"button.default\">\n\t\t\t\t\t\t\t\t\t\t<a class=\"elementor-button elementor-button-link elementor-size-sm\" href=\"#\">\n\t\t\t\t\t\t<span class=\"elementor-button-content-wrapper\">\n\t\t\t\t\t\t<span class=\"elementor-button-icon\">\n\t\t\t\t<svg aria-hidden=\"true\" class=\"e-font-icon-svg e-fas-arrow-left\" viewbox=\"0 0 448 512\" xmlns=\"http:\/\/www.w3.org\/2000\/svg\"><path d=\"M257.5 445.1l-22.2 22.2c-9.4 9.4-24.6 9.4-33.9 0L7 273c-9.4-9.4-9.4-24.6 0-33.9L201.4 44.7c9.4-9.4 24.6-9.4 33.9 0l22.2 22.2c9.5 9.5 9.3 25-.4 34.3L136.6 216H424c13.3 0 24 10.7 24 24v32c0 13.3-10.7 24-24 24H136.6l120.5 114.8c9.8 9.3 10 24.8.4 34.3z\"><\/path><\/svg>\t\t\t<\/span>\n\t\t\t\t\t\t\t\t\t<span class=\"elementor-button-text\">Volver<\/span>\n\t\t\t\t\t<\/span>\n\t\t\t\t\t<\/a>\n\t\t\t\t\t\t\t\t<\/div>\n\t\t\t\t<div class=\"elementor-element elementor-element-687573a elementor-widget elementor-widget-html\" data-id=\"687573a\" data-element_type=\"widget\" data-e-type=\"widget\" data-widget_type=\"html.default\">\n\t\t\t\t\t<script type=\"text\/javascript\">\njQuery(document).ready(function() {\n jQuery('#go-back').on('click', function() {\n window.history.go(-1);\n return false;\n });\n});\n<\/script>\t\t\t\t<\/div>\n\t\t\t\t<div class=\"elementor-element elementor-element-a349708 elementor-widget elementor-widget-heading\" data-id=\"a349708\" data-element_type=\"widget\" data-e-type=\"widget\" data-widget_type=\"heading.default\">\n\t\t\t\t\t<h2 class=\"elementor-heading-title elementor-size-default\">Informaci\u00f3n de pago<\/h2>\t\t\t\t<\/div>\n\t\t\t\t<div class=\"elementor-element elementor-element-36d9d80 elementor-widget elementor-widget-shortcode\" data-id=\"36d9d80\" data-element_type=\"widget\" data-e-type=\"widget\" data-widget_type=\"shortcode.default\">\n\t\t\t\t\t\t\t<div class=\"elementor-shortcode\">\n\n<div class=\"mp_wrapper\">\n  <form name=\"mepr_signup_form\" id=\"mepr_signup_form\" class=\"mepr-signup-form mepr-form\" method=\"post\" action=\"\/es\/wp-json\/wp\/v2\/pages\/9850#mepr_jump\" enctype=\"multipart\/form-data\" novalidate data-trp-original-action=\"\/es\/wp-json\/wp\/v2\/pages\/9850#mepr_jump\">\n    <input type=\"hidden\" name=\"mepr_process_signup_form\" value=\"1\" \/>\n    <input type=\"hidden\" name=\"mepr_product_id\" value=\"373\" \/>\n    <input type=\"hidden\" name=\"mepr_transaction_id\" value=\"\" \/>\n    <input type=\"hidden\" name=\"mepr_current_url\" value=\"https:\/\/intelligence.inhedge.mx\/es\/wp-json\/wp\/v2\/pages\/9850\" \/>\n\n    \n    \n          <div class=\"mp-form-row mepr_bold mepr_price\">\n                <div class=\"mepr_price_cell_label\">T\u00e9rminos:<\/div>\n        <div class=\"mepr_price_cell\">\n          $1,899 \/ Month        <\/div>\n      <\/div>\n    \n    \n    \n          <div class=\"mp-form-row mepr_first_name\">\n        <div class=\"mp-form-label\">\n          <label for=\"user_first_name1\">Nombre:<\/label>\n          <span class=\"cc-error\">Nombre requerido<\/span>\n        <\/div>\n        <input type=\"text\" name=\"user_first_name\" id=\"user_first_name1\" class=\"mepr-form-input\" value=\"\"  \/>\n      <\/div>\n      <div class=\"mp-form-row mepr_last_name\">\n        <div class=\"mp-form-label\">\n          <label for=\"user_last_name1\">Apellido:<\/label>\n          <span class=\"cc-error\">Apellido obligatorio<\/span>\n        <\/div>\n        <input type=\"text\" name=\"user_last_name\" id=\"user_last_name1\" class=\"mepr-form-input\" value=\"\"  \/>\n      <\/div>\n    \n    \n    \n    \n          <input type=\"hidden\" class=\"mepr-geo-country\" name=\"mepr-geo-country\" value=\"\" \/>\n\n              <div class=\"mp-form-row mepr_email mepr-field-required\">\n        <div class=\"mp-form-label\">\n          <label for=\"user_email1\">Correo electr\u00f3nico:*<\/label>\n          <span class=\"cc-error\">Correo electr\u00f3nico no v\u00e1lido<\/span>\n        <\/div>\n        <input type=\"email\" name=\"user_email\" id=\"user_email1\" class=\"mepr-form-input\" value=\"\" required \/>\n      <\/div>\n      <div class=\"mp-form-row mepr_email_stripe mepr-field-required mepr-hidden\">\n      <\/div>\n                                <div class=\"mp-form-row mepr_password mepr-field-required\">\n          <div class=\"mp-form-label\">\n            <label for=\"mepr_user_password1\">Contrase\u00f1a:*<\/label>\n            <span class=\"cc-error\">Contrase\u00f1a no v\u00e1lida<\/span>\n          <\/div>\n          <div class=\"mp-hide-pw\">\n            <input type=\"password\" name=\"mepr_user_password\" id=\"mepr_user_password1\" class=\"mepr-form-input mepr-password\" value=\"\" required \/>\n            <button type=\"button\" class=\"button mp-hide-pw hide-if-no-js\" data-toggle=\"0\" aria-label=\"Mostrar contrase\u00f1a\">\n              <span class=\"dashicons dashicons-visibility\" aria-hidden=\"true\"><\/span>\n            <\/button>\n          <\/div>\n        <\/div>\n        <div class=\"mp-form-row mepr_password_confirm mepr-field-required\">\n          <div class=\"mp-form-label\">\n            <label for=\"mepr_user_password_confirm1\">Confirmaci\u00f3n de contrase\u00f1a:*<\/label>\n            <span class=\"cc-error\">La confirmaci\u00f3n de la contrase\u00f1a no coincide<\/span>\n          <\/div>\n          <div class=\"mp-hide-pw\">\n            <input type=\"password\" name=\"mepr_user_password_confirm\" id=\"mepr_user_password_confirm1\" class=\"mepr-form-input mepr-password-confirm\" value=\"\" required \/>\n            <button type=\"button\" class=\"button mp-hide-pw hide-if-no-js\" data-toggle=\"0\" aria-label=\"Mostrar contrase\u00f1a\">\n              <span class=\"dashicons dashicons-visibility\" aria-hidden=\"true\"><\/span>\n            <\/button>\n          <\/div>\n        <\/div>\n                                    \n        \n    \n                    <a class=\"have-coupon-link\" data-prdid=\"373\" href=\"\">\n            \u00bfTienes un cup\u00f3n?        <\/a>\n        <div class=\"mp-form-row mepr_coupon mepr_coupon_373 mepr-hidden\">\n          <div class=\"mp-form-label\">\n            <label for=\"mepr_coupon_code1\">C\u00f3digo del cup\u00f3n:<\/label>\n            <span class=\"mepr-coupon-loader mepr-hidden\">\n              <img decoding=\"async\" src=\"https:\/\/intelligence.inhedge.mx\/wp-includes\/js\/thickbox\/loadingAnimation.gif\" alt=\"Cargando...\" title=\"Icono de carga\" width=\"100\" height=\"10\" \/>\n            <\/span>\n            <span class=\"cc-error\">Cup\u00f3n no v\u00e1lido<\/span>\n            <span class=\"cc-success\">Cup\u00f3n aplicado correctamente<\/span>\n          <\/div>\n          <input type=\"text\" id=\"mepr_coupon_code1\" class=\"mepr-form-input mepr-coupon-code\" name=\"mepr_coupon_code\" value=\"\" data-prdid=\"373\" \/>\n        <\/div>\n        \n        \n        \n        \n      <fieldset class=\"mepr-payment-methods-wrapper\">\n                <div class=\"mepr-payment-methods-icons\">\n          <span class=\"mepr-payment-method-icon\"><img decoding=\"async\" src=\"https:\/\/intelligence.inhedge.mx\/wp-content\/plugins\/memberpress\/images\/checkout\/cards.png\" alt=\"Raya\" height=\"32px\" \/><\/span>        <\/div>\n        <div class=\"mepr-payment-methods-radios mepr-hidden\">\n                      <label class=\"mepr-payment-option-label payment-option-stripe\">\n                <input\n                    type=\"radio\"\n                    name=\"mepr_payment_method\"\n                    class=\"mepr-form-radio mepr-can-order-bumps mepr-can-multiple-subscriptions\"\n                    value=\"t454a6-76n\"\n                    data-payment-method-type=\"Stripe\"\n                         checked='checked'                \/>\n                <span class=\"mepr-payment-method-label-text\">Raya<\/span>            <\/label>\n                    <\/div>\n                                <div class=\"mepr-payment-method mepr_payment_method-t454a6-76n mepr-payment-method-stripe\">\n                    <div class=\"mepr-payment-method-desc-text mp-pm-desc-t454a6-76n spc\">\n                              <div class=\"mepr-stripe-elements\">\n        <div class=\"mepr-stripe-card-element\" data-stripe-public-key=\"pk_live_51R8qn9GzEGbHz2oM19qBfrMLa2lGF8NqUcy5kYv9o6t9fO3dnhUxb8ihm8adrmU2HbVva1aSfroPqNxQ1bn9pxdA00019hVSkl\" data-payment-method-id=\"t454a6-76n\" data-locale-code=\"en\" data-elements-options=\"{&quot;mode&quot;:&quot;subscription&quot;,&quot;amount&quot;:189900,&quot;paymentMethodTypes&quot;:[&quot;card&quot;],&quot;applePay&quot;:{&quot;recurringPaymentRequest&quot;:{&quot;paymentDescription&quot;:&quot;Plus&quot;,&quot;managementURL&quot;:&quot;https:\\\/\\\/intelligence.inhedge.mx\\\/es\\\/cuenta-2\\\/?action=subscriptions&quot;,&quot;regularBilling&quot;:{&quot;amount&quot;:189900,&quot;label&quot;:&quot;Plus&quot;,&quot;paymentTiming&quot;:&quot;recurring&quot;,&quot;recurringPaymentIntervalUnit&quot;:&quot;month&quot;,&quot;recurringPaymentIntervalCount&quot;:1}}}}\" data-user-email=\"\"><\/div>\n    <div role=\"alert\" class=\"mepr-stripe-card-errors\"><\/div>\n  <\/div>\n<noscript><p class=\"mepr_nojs\">JavaScript est\u00e1 desactivado en tu navegador. No podr\u00e1s completar tu compra hasta que actives JavaScript en tu navegador o cambies a un navegador que lo admita.<\/p><\/noscript>\n                    <\/div>\n                <\/div>\n                      <\/fieldset>\n    \n    \n    \n    \n        \n    <div class=\"mepr_spacer\">&nbsp;<\/div>\n\n    <div class=\"mp-form-submit\">\n            <label for=\"mepr_no_val\" class=\"mepr-visuallyhidden\">Sin valor<\/label>\n      <input type=\"text\" id=\"mepr_no_val\" name=\"mepr_no_val\" class=\"mepr-form-input mepr-visuallyhidden mepr_no_val mepr-hidden\" autocomplete=\"off\" \/>\n\n              <input type=\"submit\" class=\"mepr-submit\" value=\"Suscripci\u00f3n completa\" \/>\n            <img decoding=\"async\" src=\"https:\/\/intelligence.inhedge.mx\/wp-admin\/images\/loading.gif\" alt=\"Cargando...\" style=\"display: none;\" class=\"mepr-loading-gif\" title=\"Icono de carga\" \/>\n      <span class=\"mepr-form-has-errors\">Por favor, corrija los errores anteriores.<\/span>\n\n    <\/div>\n  <input type=\"hidden\" name=\"trp-form-language\" value=\"es\"\/><\/form>\n<\/div>\n<\/div>\n\t\t\t\t\t\t<\/div>\n\t\t\t\t<\/div>\n\t\t\t\t<\/div>\n\t\t<div class=\"elementor-element elementor-element-8ea1616 e-con-full e-flex e-con e-child\" data-id=\"8ea1616\" data-element_type=\"container\" data-e-type=\"container\" data-settings=\"{&quot;sticky&quot;:&quot;top&quot;,&quot;sticky_on&quot;:[&quot;desktop&quot;,&quot;tablet&quot;],&quot;sticky_offset&quot;:0,&quot;sticky_effects_offset&quot;:0,&quot;sticky_anchor_link_offset&quot;:0}\">\n\t\t\t\t<div class=\"elementor-element elementor-element-647d308 elementor-widget elementor-widget-heading\" data-id=\"647d308\" data-element_type=\"widget\" data-e-type=\"widget\" data-widget_type=\"heading.default\">\n\t\t\t\t\t<h2 class=\"elementor-heading-title elementor-size-default\">Su plan Plus incluye:<\/h2>\t\t\t\t<\/div>\n\t\t\t\t<div class=\"elementor-element elementor-element-3b25254 elementor-icon-list--layout-traditional elementor-list-item-link-full_width elementor-widget elementor-widget-icon-list\" data-id=\"3b25254\" data-element_type=\"widget\" data-e-type=\"widget\" data-widget_type=\"icon-list.default\">\n\t\t\t\t\t\t\t<ul class=\"elementor-icon-list-items\">\n\t\t\t\t\t\t\t<li class=\"elementor-icon-list-item\">\n\t\t\t\t\t\t\t\t\t\t\t<span class=\"elementor-icon-list-icon\">\n\t\t\t\t\t\t\t<svg xmlns=\"http:\/\/www.w3.org\/2000\/svg\" width=\"20\" height=\"20\" viewbox=\"0 0 20 20\" fill=\"none\"><path d=\"M17 5.71875L16.6562 6.0625L8.40625 14.625L8.0625 15L7.6875 14.625L3.34375 10.0938L3 9.75L3.71875 9.03125L4.0625 9.40625L8.0625 13.5625L15.9375 5.375L16.2812 5L17 5.71875Z\" fill=\"black\"><\/path><\/svg>\t\t\t\t\t\t<\/span>\n\t\t\t\t\t\t\t\t\t\t<span class=\"elementor-icon-list-text\">Incluye todo lo del plan B\u00e1sico.<\/span>\n\t\t\t\t\t\t\t\t\t<\/li>\n\t\t\t\t\t\t\t\t<li class=\"elementor-icon-list-item\">\n\t\t\t\t\t\t\t\t\t\t\t<span class=\"elementor-icon-list-icon\">\n\t\t\t\t\t\t\t<svg xmlns=\"http:\/\/www.w3.org\/2000\/svg\" width=\"20\" height=\"20\" viewbox=\"0 0 20 20\" fill=\"none\"><path d=\"M17 5.71875L16.6562 6.0625L8.40625 14.625L8.0625 15L7.6875 14.625L3.34375 10.0938L3 9.75L3.71875 9.03125L4.0625 9.40625L8.0625 13.5625L15.9375 5.375L16.2812 5L17 5.71875Z\" fill=\"black\"><\/path><\/svg>\t\t\t\t\t\t<\/span>\n\t\t\t\t\t\t\t\t\t\t<span class=\"elementor-icon-list-text\">Informaci\u00f3n de precios actualizada diariamente.<\/span>\n\t\t\t\t\t\t\t\t\t<\/li>\n\t\t\t\t\t\t\t\t<li class=\"elementor-icon-list-item\">\n\t\t\t\t\t\t\t\t\t\t\t<span class=\"elementor-icon-list-icon\">\n\t\t\t\t\t\t\t<svg xmlns=\"http:\/\/www.w3.org\/2000\/svg\" width=\"20\" height=\"20\" viewbox=\"0 0 20 20\" fill=\"none\"><path d=\"M17 5.71875L16.6562 6.0625L8.40625 14.625L8.0625 15L7.6875 14.625L3.34375 10.0938L3 9.75L3.71875 9.03125L4.0625 9.40625L8.0625 13.5625L15.9375 5.375L16.2812 5L17 5.71875Z\" fill=\"black\"><\/path><\/svg>\t\t\t\t\t\t<\/span>\n\t\t\t\t\t\t\t\t\t\t<span class=\"elementor-icon-list-text\">Acceso a informes premium con an\u00e1lisis avanzados de diferenciales, correlaciones y volatilidad.<\/span>\n\t\t\t\t\t\t\t\t\t<\/li>\n\t\t\t\t\t\t\t\t<li class=\"elementor-icon-list-item\">\n\t\t\t\t\t\t\t\t\t\t\t<span class=\"elementor-icon-list-icon\">\n\t\t\t\t\t\t\t<svg xmlns=\"http:\/\/www.w3.org\/2000\/svg\" width=\"20\" height=\"20\" viewbox=\"0 0 20 20\" fill=\"none\"><path d=\"M17 5.71875L16.6562 6.0625L8.40625 14.625L8.0625 15L7.6875 14.625L3.34375 10.0938L3 9.75L3.71875 9.03125L4.0625 9.40625L8.0625 13.5625L15.9375 5.375L16.2812 5L17 5.71875Z\" fill=\"black\"><\/path><\/svg>\t\t\t\t\t\t<\/span>\n\t\t\t\t\t\t\t\t\t\t<span class=\"elementor-icon-list-text\">Perspectivas a corto y medio plazo.<\/span>\n\t\t\t\t\t\t\t\t\t<\/li>\n\t\t\t\t\t\t\t\t<li class=\"elementor-icon-list-item\">\n\t\t\t\t\t\t\t\t\t\t\t<span class=\"elementor-icon-list-icon\">\n\t\t\t\t\t\t\t<svg xmlns=\"http:\/\/www.w3.org\/2000\/svg\" width=\"20\" height=\"20\" viewbox=\"0 0 20 20\" fill=\"none\"><path d=\"M17 5.71875L16.6562 6.0625L8.40625 14.625L8.0625 15L7.6875 14.625L3.34375 10.0938L3 9.75L3.71875 9.03125L4.0625 9.40625L8.0625 13.5625L15.9375 5.375L16.2812 5L17 5.71875Z\" fill=\"black\"><\/path><\/svg>\t\t\t\t\t\t<\/span>\n\t\t\t\t\t\t\t\t\t\t<span class=\"elementor-icon-list-text\">Informes personalizados basados en el sector de su empresa.<\/span>\n\t\t\t\t\t\t\t\t\t<\/li>\n\t\t\t\t\t\t\t\t<li class=\"elementor-icon-list-item\">\n\t\t\t\t\t\t\t\t\t\t\t<span class=\"elementor-icon-list-icon\">\n\t\t\t\t\t\t\t<svg xmlns=\"http:\/\/www.w3.org\/2000\/svg\" width=\"20\" height=\"20\" viewbox=\"0 0 20 20\" fill=\"none\"><path d=\"M17 5.71875L16.6562 6.0625L8.40625 14.625L8.0625 15L7.6875 14.625L3.34375 10.0938L3 9.75L3.71875 9.03125L4.0625 9.40625L8.0625 13.5625L15.9375 5.375L16.2812 5L17 5.71875Z\" fill=\"black\"><\/path><\/svg>\t\t\t\t\t\t<\/span>\n\t\t\t\t\t\t\t\t\t\t<span class=\"elementor-icon-list-text\">Asistencia prioritaria de nuestros especialistas.<\/span>\n\t\t\t\t\t\t\t\t\t<\/li>\n\t\t\t\t\t\t<\/ul>\n\t\t\t\t\t\t<\/div>\n\t\t\t\t<\/div>\n\t\t\t\t\t<\/div>\n\t\t\t\t<\/div>\n\t\t\t\t<\/div>","protected":false},"excerpt":{"rendered":"<p>Volver Informaci\u00f3n de pago Su plan Plus incluye: Incluye todo lo del plan B\u00e1sico. Informaci\u00f3n de precios actualizada diariamente. Acceso a informes premium con an\u00e1lisis avanzados de diferenciales, correlaciones y volatilidad. Perspectivas a corto y medio plazo. Informes personalizados basados en el sector de su empresa. Asistencia prioritaria de nuestros especialistas.<\/p>","protected":false},"author":1,"featured_media":0,"parent":0,"menu_order":0,"comment_status":"closed","ping_status":"closed","template":"elementor_canvas","meta":{"footnotes":""},"class_list":["post-9850","page","type-page","status-publish","hentry"],"yoast_head":"<!-- This site is optimized with the Yoast SEO plugin v26.4 - https:\/\/yoast.com\/wordpress\/plugins\/seo\/ -->\n<title>Plus-Form - InHedge Intelligence<\/title>\n<meta name=\"robots\" content=\"index, follow, max-snippet:-1, max-image-preview:large, max-video-preview:-1\" \/>\n<link rel=\"canonical\" href=\"https:\/\/intelligence.inhedge.mx\/es\/mas-formulario\/\" \/>\n<meta property=\"og:locale\" content=\"es_MX\" \/>\n<meta property=\"og:type\" content=\"article\" \/>\n<meta property=\"og:title\" content=\"Plus-Form - InHedge Intelligence\" \/>\n<meta property=\"og:description\" content=\"Go back Payment Information Your Plus plan includes: Includes everything from the Basic plan. Daily updated price information. Access to premium reports with advanced analysis of spreads, correlations, and volatility. Short- and medium-term outlooks. Customized reports based on your company\u2019s sector. Priority support from our specialists.\" \/>\n<meta property=\"og:url\" content=\"https:\/\/intelligence.inhedge.mx\/es\/mas-formulario\/\" \/>\n<meta property=\"og:site_name\" content=\"InHedge Intelligence\" \/>\n<meta property=\"article:publisher\" content=\"https:\/\/www.facebook.com\/inhedgeoficial\" \/>\n<meta property=\"article:modified_time\" content=\"2025-11-11T15:17:41+00:00\" \/>\n<meta property=\"og:image\" content=\"https:\/\/intelligence.inhedge.mx\/wp-content\/uploads\/2025\/10\/inhedge-logo-color.svg\" \/>\n<meta name=\"twitter:card\" content=\"summary_large_image\" \/>\n<meta name=\"twitter:site\" content=\"@inhedgeoficial\" \/>\n<meta name=\"twitter:label1\" content=\"Tiempo de lectura\" \/>\n\t<meta name=\"twitter:data1\" content=\"1 minuto\" \/>\n<script type=\"application\/ld+json\" class=\"yoast-schema-graph\">{\"@context\":\"https:\/\/schema.org\",\"@graph\":[{\"@type\":\"WebPage\",\"@id\":\"https:\/\/intelligence.inhedge.mx\/plus-form\/\",\"url\":\"https:\/\/intelligence.inhedge.mx\/plus-form\/\",\"name\":\"Plus-Form - InHedge Intelligence\",\"isPartOf\":{\"@id\":\"https:\/\/intelligence.inhedge.mx\/#website\"},\"primaryImageOfPage\":{\"@id\":\"https:\/\/intelligence.inhedge.mx\/plus-form\/#primaryimage\"},\"image\":{\"@id\":\"https:\/\/intelligence.inhedge.mx\/plus-form\/#primaryimage\"},\"thumbnailUrl\":\"https:\/\/intelligence.inhedge.mx\/wp-content\/uploads\/2025\/10\/inhedge-logo-color.svg\",\"datePublished\":\"2025-10-29T22:30:08+00:00\",\"dateModified\":\"2025-11-11T15:17:41+00:00\",\"breadcrumb\":{\"@id\":\"https:\/\/intelligence.inhedge.mx\/plus-form\/#breadcrumb\"},\"inLanguage\":\"es\",\"potentialAction\":[{\"@type\":\"ReadAction\",\"target\":[\"https:\/\/intelligence.inhedge.mx\/plus-form\/\"]}]},{\"@type\":\"ImageObject\",\"inLanguage\":\"es\",\"@id\":\"https:\/\/intelligence.inhedge.mx\/plus-form\/#primaryimage\",\"url\":\"https:\/\/intelligence.inhedge.mx\/wp-content\/uploads\/2025\/10\/inhedge-logo-color.svg\",\"contentUrl\":\"https:\/\/intelligence.inhedge.mx\/wp-content\/uploads\/2025\/10\/inhedge-logo-color.svg\"},{\"@type\":\"BreadcrumbList\",\"@id\":\"https:\/\/intelligence.inhedge.mx\/plus-form\/#breadcrumb\",\"itemListElement\":[{\"@type\":\"ListItem\",\"position\":1,\"name\":\"Home\",\"item\":\"https:\/\/intelligence.inhedge.mx\/en\/\"},{\"@type\":\"ListItem\",\"position\":2,\"name\":\"Plus-Form\"}]},{\"@type\":\"WebSite\",\"@id\":\"https:\/\/intelligence.inhedge.mx\/#website\",\"url\":\"https:\/\/intelligence.inhedge.mx\/\",\"name\":\"InHedge Intelligence\",\"description\":\"Market Research\",\"publisher\":{\"@id\":\"https:\/\/intelligence.inhedge.mx\/#organization\"},\"potentialAction\":[{\"@type\":\"SearchAction\",\"target\":{\"@type\":\"EntryPoint\",\"urlTemplate\":\"https:\/\/intelligence.inhedge.mx\/?s={search_term_string}\"},\"query-input\":{\"@type\":\"PropertyValueSpecification\",\"valueRequired\":true,\"valueName\":\"search_term_string\"}}],\"inLanguage\":\"es\"},{\"@type\":\"Organization\",\"@id\":\"https:\/\/intelligence.inhedge.mx\/#organization\",\"name\":\"InHedge Intelligence\",\"url\":\"https:\/\/intelligence.inhedge.mx\/\",\"logo\":{\"@type\":\"ImageObject\",\"inLanguage\":\"es\",\"@id\":\"https:\/\/intelligence.inhedge.mx\/#\/schema\/logo\/image\/\",\"url\":\"https:\/\/intelligence.inhedge.mx\/wp-content\/uploads\/2025\/11\/inhedge-logo-bicolor@2x.png\",\"contentUrl\":\"https:\/\/intelligence.inhedge.mx\/wp-content\/uploads\/2025\/11\/inhedge-logo-bicolor@2x.png\",\"width\":2476,\"height\":576,\"caption\":\"InHedge Intelligence\"},\"image\":{\"@id\":\"https:\/\/intelligence.inhedge.mx\/#\/schema\/logo\/image\/\"},\"sameAs\":[\"https:\/\/www.facebook.com\/inhedgeoficial\",\"https:\/\/x.com\/inhedgeoficial\",\"https:\/\/www.instagram.com\/inhedgeoficial\/\"]}]}<\/script>\n<!-- \/ Yoast SEO plugin. -->","yoast_head_json":{"title":"Plus-Form - InHedge Inteligencia","robots":{"index":"index","follow":"follow","max-snippet":"max-snippet:-1","max-image-preview":"max-image-preview:large","max-video-preview":"max-video-preview:-1"},"canonical":"https:\/\/intelligence.inhedge.mx\/es\/mas-formulario\/","og_locale":"es_MX","og_type":"article","og_title":"Plus-Form - InHedge Intelligence","og_description":"Go back Payment Information Your Plus plan includes: Includes everything from the Basic plan. Daily updated price information. Access to premium reports with advanced analysis of spreads, correlations, and volatility. Short- and medium-term outlooks. Customized reports based on your company\u2019s sector. Priority support from our specialists.","og_url":"https:\/\/intelligence.inhedge.mx\/es\/mas-formulario\/","og_site_name":"InHedge Intelligence","article_publisher":"https:\/\/www.facebook.com\/inhedgeoficial","article_modified_time":"2025-11-11T15:17:41+00:00","og_image":[{"url":"https:\/\/intelligence.inhedge.mx\/wp-content\/uploads\/2025\/10\/inhedge-logo-color.svg","type":"","width":"","height":""}],"twitter_card":"summary_large_image","twitter_site":"@inhedgeoficial","twitter_misc":{"Tiempo de lectura":"1 minuto"},"schema":{"@context":"https:\/\/schema.org","@graph":[{"@type":"WebPage","@id":"https:\/\/intelligence.inhedge.mx\/plus-form\/","url":"https:\/\/intelligence.inhedge.mx\/plus-form\/","name":"Plus-Form - InHedge Inteligencia","isPartOf":{"@id":"https:\/\/intelligence.inhedge.mx\/#website"},"primaryImageOfPage":{"@id":"https:\/\/intelligence.inhedge.mx\/plus-form\/#primaryimage"},"image":{"@id":"https:\/\/intelligence.inhedge.mx\/plus-form\/#primaryimage"},"thumbnailUrl":"https:\/\/intelligence.inhedge.mx\/wp-content\/uploads\/2025\/10\/inhedge-logo-color.svg","datePublished":"2025-10-29T22:30:08+00:00","dateModified":"2025-11-11T15:17:41+00:00","breadcrumb":{"@id":"https:\/\/intelligence.inhedge.mx\/plus-form\/#breadcrumb"},"inLanguage":"es","potentialAction":[{"@type":"ReadAction","target":["https:\/\/intelligence.inhedge.mx\/plus-form\/"]}]},{"@type":"ImageObject","inLanguage":"es","@id":"https:\/\/intelligence.inhedge.mx\/plus-form\/#primaryimage","url":"https:\/\/intelligence.inhedge.mx\/wp-content\/uploads\/2025\/10\/inhedge-logo-color.svg","contentUrl":"https:\/\/intelligence.inhedge.mx\/wp-content\/uploads\/2025\/10\/inhedge-logo-color.svg"},{"@type":"BreadcrumbList","@id":"https:\/\/intelligence.inhedge.mx\/plus-form\/#breadcrumb","itemListElement":[{"@type":"ListItem","position":1,"name":"Home","item":"https:\/\/intelligence.inhedge.mx\/en\/"},{"@type":"ListItem","position":2,"name":"Plus-Form"}]},{"@type":"WebSite","@id":"https:\/\/intelligence.inhedge.mx\/#website","url":"https:\/\/intelligence.inhedge.mx\/","name":"InHedge Inteligencia","description":"Estudios de mercado","publisher":{"@id":"https:\/\/intelligence.inhedge.mx\/#organization"},"potentialAction":[{"@type":"SearchAction","target":{"@type":"EntryPoint","urlTemplate":"https:\/\/intelligence.inhedge.mx\/?s={search_term_string}"},"query-input":{"@type":"PropertyValueSpecification","valueRequired":true,"valueName":"search_term_string"}}],"inLanguage":"es"},{"@type":"Organization","@id":"https:\/\/intelligence.inhedge.mx\/#organization","name":"InHedge Inteligencia","url":"https:\/\/intelligence.inhedge.mx\/","logo":{"@type":"ImageObject","inLanguage":"es","@id":"https:\/\/intelligence.inhedge.mx\/#\/schema\/logo\/image\/","url":"https:\/\/intelligence.inhedge.mx\/wp-content\/uploads\/2025\/11\/inhedge-logo-bicolor@2x.png","contentUrl":"https:\/\/intelligence.inhedge.mx\/wp-content\/uploads\/2025\/11\/inhedge-logo-bicolor@2x.png","width":2476,"height":576,"caption":"InHedge Intelligence"},"image":{"@id":"https:\/\/intelligence.inhedge.mx\/#\/schema\/logo\/image\/"},"sameAs":["https:\/\/www.facebook.com\/inhedgeoficial","https:\/\/x.com\/inhedgeoficial","https:\/\/www.instagram.com\/inhedgeoficial\/"]}]}},"jetpack_sharing_enabled":true,"_links":{"self":[{"href":"https:\/\/intelligence.inhedge.mx\/es\/wp-json\/wp\/v2\/pages\/9850","targetHints":{"allow":["GET"]}}],"collection":[{"href":"https:\/\/intelligence.inhedge.mx\/es\/wp-json\/wp\/v2\/pages"}],"about":[{"href":"https:\/\/intelligence.inhedge.mx\/es\/wp-json\/wp\/v2\/types\/page"}],"author":[{"embeddable":true,"href":"https:\/\/intelligence.inhedge.mx\/es\/wp-json\/wp\/v2\/users\/1"}],"replies":[{"embeddable":true,"href":"https:\/\/intelligence.inhedge.mx\/es\/wp-json\/wp\/v2\/comments?post=9850"}],"version-history":[{"count":67,"href":"https:\/\/intelligence.inhedge.mx\/es\/wp-json\/wp\/v2\/pages\/9850\/revisions"}],"predecessor-version":[{"id":10605,"href":"https:\/\/intelligence.inhedge.mx\/es\/wp-json\/wp\/v2\/pages\/9850\/revisions\/10605"}],"wp:attachment":[{"href":"https:\/\/intelligence.inhedge.mx\/es\/wp-json\/wp\/v2\/media?parent=9850"}],"curies":[{"name":"wp","href":"https:\/\/api.w.org\/{rel}","templated":true}]}}